{"id":111,"date":"2022-12-27T22:26:39","date_gmt":"2022-12-27T22:26:39","guid":{"rendered":"https:\/\/www.geagomezduo.com\/?page_id=111"},"modified":"2025-09-19T07:38:59","modified_gmt":"2025-09-19T07:38:59","slug":"ignacio-gea","status":"publish","type":"page","link":"https:\/\/www.geagomezduo.com\/index.php\/ignacio-gea\/","title":{"rendered":""},"content":{"rendered":"<p style=\"font-weight: 400;\">Ignacio Gea is recognised internationally as one of Spain\u2019s most versatile and imaginative musicians and among today&#8217;s most engaging guitarists.<\/p>\n<p style=\"font-weight: 400;\">Born in Valencia, Spain, Mr. Gea beginning his guitar studies with Mar\u00eda \u00c1ngeles Abad and Rafael Cabedo at the Conservatorio \u201cJoaqu\u00edn Rodrigo\u201d in Valencia. He was selected by Jos\u00e9 Tom\u00e1s for a scholarship to study with the legendary master at the Conservatorio Superior de M\u00fasica \u201cOscar Espl\u00e1\u201d in Alicante. He also studied under virtuosos such as David Russell, Manuel Barrueco, Leo Brouwer, Roberto Ausell, Jos\u00e9 Miguel Moreno, Konrad Jungh\u00e4nel and Hopkinson Smith.<\/p>\n<p style=\"font-weight: 400;\">Though his performances overseas and throughout Spain have included radio and television broadcasts, recordings, chamber music concerts and recitals. His recital programs invariably include shorter works, of which he is so fond, as well as the larger masterpieces of the guitar repertory.<\/p>\n<p style=\"font-weight: 400;\">Mr. Gea is in demand for a wide variety of chamber music alliances, as well as appearing on major international concert platforms in recitals and concerto performances. He has performed chamber music at festivals and concerts with a wide range of noted artists and ensembles. He appears in duo concerts in Europe and Am\u00e9rica with his wife, the outstanding Argentinian guitarist Marisa G\u00f3mez.<\/p>\n<p style=\"font-weight: 400;\">Mr. Gea has given concerts and recitals sponsored by institutions such as the Department of Culture of Spain, the Community of Madrid, Generalitat Valenciana, Generalitat Catalana, Diputaci\u00f3n de Valencia, Junta de Castilla y Le\u00f3n, Consell Generau d&#8217;Ar\u00e1n, Ibercaja, Valencian Center of Mediterranean Culture and Spanish Guitar Society.<\/p>\n<p style=\"font-weight: 400;\">He has recorded for Onda Cero Radio, Catalonian Television and Gadiraifa Records.<\/p>\n<p>Currently, Ignacio Gea is a proffesor at the Victoria de los \u00c1ngeles Professional Conservatory\u00a0 in Madrid.<\/p>\n","protected":false},"excerpt":{"rendered":"<p>Ignacio Gea is recognised internationally as one of Spain\u2019s most versatile and imaginative musicians and among today&#8217;s most engaging guitarists. Born in Valencia, Spain, Mr. Gea beginning his guitar studies with Mar\u00eda \u00c1ngeles Abad and Rafael Cabedo at the Conservatorio \u201cJoaqu\u00edn Rodrigo\u201d in Valencia. He was selected by Jos\u00e9 Tom\u00e1s for a scholarship to study [&hellip;]<\/p>\n","protected":false},"author":1,"featured_media":562,"parent":0,"menu_order":0,"comment_status":"closed","ping_status":"closed","template":"","meta":{"footnotes":""},"class_list":["post-111","page","type-page","status-publish","has-post-thumbnail","hentry"],"_links":{"self":[{"href":"https:\/\/www.geagomezduo.com\/index.php\/wp-json\/wp\/v2\/pages\/111","targetHints":{"allow":["GET"]}}],"collection":[{"href":"https:\/\/www.geagomezduo.com\/index.php\/wp-json\/wp\/v2\/pages"}],"about":[{"href":"https:\/\/www.geagomezduo.com\/index.php\/wp-json\/wp\/v2\/types\/page"}],"author":[{"embeddable":true,"href":"https:\/\/www.geagomezduo.com\/index.php\/wp-json\/wp\/v2\/users\/1"}],"replies":[{"embeddable":true,"href":"https:\/\/www.geagomezduo.com\/index.php\/wp-json\/wp\/v2\/comments?post=111"}],"version-history":[{"count":7,"href":"https:\/\/www.geagomezduo.com\/index.php\/wp-json\/wp\/v2\/pages\/111\/revisions"}],"predecessor-version":[{"id":749,"href":"https:\/\/www.geagomezduo.com\/index.php\/wp-json\/wp\/v2\/pages\/111\/revisions\/749"}],"wp:featuredmedia":[{"embeddable":true,"href":"https:\/\/www.geagomezduo.com\/index.php\/wp-json\/wp\/v2\/media\/562"}],"wp:attachment":[{"href":"https:\/\/www.geagomezduo.com\/index.php\/wp-json\/wp\/v2\/media?parent=111"}],"curies":[{"name":"wp","href":"https:\/\/api.w.org\/{rel}","templated":true}]}}