{"id":2,"date":"2022-12-26T20:25:41","date_gmt":"2022-12-26T20:25:41","guid":{"rendered":"http:\/\/www.geagomezduo.com\/?page_id=2"},"modified":"2025-09-19T07:31:24","modified_gmt":"2025-09-19T07:31:24","slug":"marisa-english","status":"publish","type":"page","link":"https:\/\/www.geagomezduo.com\/index.php\/marisa-english\/","title":{"rendered":"BIO MARISA INGLES"},"content":{"rendered":"\t\t<div data-elementor-type=\"wp-page\" data-elementor-id=\"2\" class=\"elementor elementor-2\">\n\t\t\t\t\t\t\t\t\t<section class=\"elementor-section elementor-top-section elementor-element elementor-element-4034a34d elementor-section-boxed elementor-section-height-default elementor-section-height-default\" data-id=\"4034a34d\" data-element_type=\"section\">\n\t\t\t\t\t\t<div class=\"elementor-container elementor-column-gap-default\">\n\t\t\t\t\t<div class=\"elementor-column elementor-col-100 elementor-top-column elementor-element elementor-element-65225f5c\" data-id=\"65225f5c\" data-element_type=\"column\">\n\t\t\t<div class=\"elementor-widget-wrap elementor-element-populated\">\n\t\t\t\t\t\t\t\t<div class=\"elementor-element elementor-element-6065d1ef elementor-widget elementor-widget-text-editor\" data-id=\"6065d1ef\" data-element_type=\"widget\" data-widget_type=\"text-editor.default\">\n\t\t\t\t<div class=\"elementor-widget-container\">\n\t\t\t<style>\/*! elementor - v3.9.2 - 21-12-2022 *\/\n.elementor-widget-text-editor.elementor-drop-cap-view-stacked .elementor-drop-cap{background-color:#818a91;color:#fff}.elementor-widget-text-editor.elementor-drop-cap-view-framed .elementor-drop-cap{color:#818a91;border:3px solid;background-color:transparent}.elementor-widget-text-editor:not(.elementor-drop-cap-view-default) .elementor-drop-cap{margin-top:8px}.elementor-widget-text-editor:not(.elementor-drop-cap-view-default) .elementor-drop-cap-letter{width:1em;height:1em}.elementor-widget-text-editor .elementor-drop-cap{float:left;text-align:center;line-height:1;font-size:50px}.elementor-widget-text-editor .elementor-drop-cap-letter{display:inline-block}<\/style>\t\t\t\t<p><!-- wp:paragraph --><!-- \/wp:paragraph --><!-- wp:paragraph --><\/p>\n<p class=\"mobile-undersized-upper\">One of the most versatile and charismatic guitarist on the current scene, Marisa G\u00f3mez is an exceptionally dedicated and gifted performer whose passionate artistry has been heard and embraced around the world. She has been hailed by critics and audiences alike for her lush tone, the nuanced lyricism of her playing, and her commanding stage presence.<\/p>\n<p class=\"mobile-undersized-upper\">Born in Argentina, Marisa G\u00f3mez began studying the guitar at the age of six. She holds degrees from the Quilmes Conservatory (Argentine) and the Royal Conservatory of music in Madrid (Spain). She also holds a Master in Musical Research from the Valencia International University. She also studied violoncello and orchestral conducting at the University of La Plata. Other notable teachers include David Russell, Manuel Barrueco, Eduardo Fern\u00e1ndez,\u00a0 Konrad Jungh\u00e4nel, Leo Brouwer and especially the great maestro Eduardo Isaac.<\/p>\n<p class=\"mobile-undersized-upper\">Marisa G\u00f3mez has been awarded in numerous competitions, including the Manuel Mar\u00eda Ponce International Guitar Competition in Mexico, the Hazen Competition in Madrid, V\u00e9lez-M\u00e1laga International Guitar Competition in Spain, CFI Guitar Competition in Argentina, &#8220;Buenos Aires no duerme&#8221; Festival, as well as local and national prizes in Argentina.<\/p>\n<p class=\"mobile-undersized-upper\">A particular interest in contemporary music has led to several world premieres. She is a remarkable exponent of tango and other Latin dance music, reflected in her ten CDs: Six solo guitar albums (one sponsored by UNESCO) and four with different chamber music groups.<\/p>\n<p class=\"mobile-undersized-upper\">Her media credits include appearances on NHK Japan Television, Telemadrid, RTVE (Spanish National Television) and Argentinian Nacional Radio. His performances have been part of important events such as the cycle of conferences &#8220;Interweaving Performance Cultures&#8221; organiced by the University of Berlin or the presentation in the Vatican of the collection of sculptural portraits of Pope Francisco I made by the famous sculptor Mik Simcic.<\/p>\n<p class=\"mobile-undersized-upper\">Known for her variety in programming and ability to communicate with audiences of all ages, Marisa G\u00f3mez has performed several times with Orchestras playing soloist concerts by Villa-Lobos, Castelnuovo-Tedesco (Concert in D and Romancero gitano), Vivaldi and Piazzolla. She frequently plays chamber music concerts with groups as the \u201cGea-G\u00f3mez Guitar Duo\u201d, the \u201cBoccherini Duo\u201d of cello and guitar and others.<\/p>\n<p class=\"mobile-undersized-upper\">Her numerous recital appearances include performances across Latin America, Asia and Europe, including:\u00a0 China, Italy, Portugal, Argentine, Brazil, Chile, Uruguay, Mexico, Germany and Spain.<\/p>\n<p class=\"mobile-undersized-upper\">Currently, she is professor in the &#8220;Musikschule der Stadt Sprockh\u00f6vel&#8221; in Germany, and is frequently invited to perform and give master classes at major festivals, music seminars and at prestigious universities worldwide.<\/p>\n<p><!-- \/wp:paragraph --><\/p>\t\t\t\t\t\t<\/div>\n\t\t\t\t<\/div>\n\t\t\t\t\t<\/div>\n\t\t<\/div>\n\t\t\t\t\t\t\t<\/div>\n\t\t<\/section>\n\t\t\t\t\t\t\t<\/div>\n\t\t","protected":false},"excerpt":{"rendered":"<p>One of the most versatile and charismatic guitarist on the current scene, Marisa G\u00f3mez is an exceptionally dedicated and gifted performer whose passionate artistry has been heard and embraced around the world. She has been hailed by critics and audiences alike for her lush tone, the nuanced lyricism of her playing, and her commanding stage [&hellip;]<\/p>\n","protected":false},"author":1,"featured_media":174,"parent":0,"menu_order":0,"comment_status":"closed","ping_status":"open","template":"","meta":{"footnotes":""},"class_list":["post-2","page","type-page","status-publish","has-post-thumbnail","hentry"],"_links":{"self":[{"href":"https:\/\/www.geagomezduo.com\/index.php\/wp-json\/wp\/v2\/pages\/2","targetHints":{"allow":["GET"]}}],"collection":[{"href":"https:\/\/www.geagomezduo.com\/index.php\/wp-json\/wp\/v2\/pages"}],"about":[{"href":"https:\/\/www.geagomezduo.com\/index.php\/wp-json\/wp\/v2\/types\/page"}],"author":[{"embeddable":true,"href":"https:\/\/www.geagomezduo.com\/index.php\/wp-json\/wp\/v2\/users\/1"}],"replies":[{"embeddable":true,"href":"https:\/\/www.geagomezduo.com\/index.php\/wp-json\/wp\/v2\/comments?post=2"}],"version-history":[{"count":14,"href":"https:\/\/www.geagomezduo.com\/index.php\/wp-json\/wp\/v2\/pages\/2\/revisions"}],"predecessor-version":[{"id":748,"href":"https:\/\/www.geagomezduo.com\/index.php\/wp-json\/wp\/v2\/pages\/2\/revisions\/748"}],"wp:featuredmedia":[{"embeddable":true,"href":"https:\/\/www.geagomezduo.com\/index.php\/wp-json\/wp\/v2\/media\/174"}],"wp:attachment":[{"href":"https:\/\/www.geagomezduo.com\/index.php\/wp-json\/wp\/v2\/media?parent=2"}],"curies":[{"name":"wp","href":"https:\/\/api.w.org\/{rel}","templated":true}]}}