{"id":579,"date":"2023-01-10T23:28:33","date_gmt":"2023-01-10T23:28:33","guid":{"rendered":"https:\/\/www.geagomezduo.com\/?page_id=579"},"modified":"2025-09-19T07:25:11","modified_gmt":"2025-09-19T07:25:11","slug":"marisa-espanol","status":"publish","type":"page","link":"https:\/\/www.geagomezduo.com\/index.php\/marisa-espanol\/","title":{"rendered":""},"content":{"rendered":"<p style=\"font-weight: 400;\">Marisa G\u00f3mez ha ido labrando un camino de excelencia y profesionalismo desde el inicio de su vida art\u00edstica. Su refinada musicalidad, su impecable t\u00e9cnica y su exquisita creatividad han hecho que reciba elogiosas cr\u00edticas de los sectores m\u00e1s especializados dentro del mundo de la guitarra y que sus interpretaciones sean requeridas en los escenarios m\u00e1s prestigiosos.<\/p>\n<p style=\"font-weight: 400;\">Su ductilidad como int\u00e9rprete ha hecho que adem\u00e1s de abarcar el repertorio de la guitarra cl\u00e1sica con impecable solvencia se haya volcado hacia el repertorio de compositores latinoamericanos\u00a0 convirti\u00e9ndose en una especialista en este campo.<\/p>\n<p style=\"font-weight: 400;\">Nace en Buenos Aires-Argentina. Se forma musicalmente en la Escuela Superior de Bellas Artes \u201cCarlos Morel\u201d de Quilmes (Guitarra) y en la Universidad Nacional de la Plata (Direcci\u00f3n Orquestal), tomando regularmente clases con el maestro argentino Eduardo Isaac. M\u00e1s tarde se grad\u00faa tambi\u00e9n en el Real Conservatorio Superior de M\u00fasica de Madrid.<\/p>\n<p style=\"font-weight: 400;\">Durante su \u00e9poca de estudiante recibe tambi\u00e9n consejos de David Russell, Manuel Barrueco, Eduardo Fern\u00e1ndez, Konrad Jungh\u00e4nel y Leo Brouwer, entre otros.<\/p>\n<p style=\"font-weight: 400;\">Ha sido galardonada en diversos concursos entre los que se pueden destacar el Concurso Internacional de Guitarra Manuel Mar\u00eda Ponce de M\u00e9jico, el Concurso Hazen de Madrid, el Concurso internacional V\u00e9lez-M\u00e1laga, el Concurso Nacional de Guitarra de Argentina (CFI) y en el Festival &#8220;Buenos Aires no duerme&#8221; de Argentina.<\/p>\n<p style=\"font-weight: 400;\">Durante los a\u00f1os 2000-2001 es becada por el Ministerio de Cultura y el Consejo Federal de Inversiones de Argentina para realizar perfeccionamiento musical.<\/p>\n<p style=\"font-weight: 400;\">Ha grabado nueve discos: cinco como solista (uno auspiciado por la UNESCO) y cuatro con diferentes grupos de m\u00fasica de c\u00e1mara. Tambi\u00e9n ha grabado para radio y televisi\u00f3n (Radio Nacional de Argentina, Telemadrid, Televisi\u00f3n Estatal Japonesa, etc.) e interpretado la m\u00fasica de la banda sonora de algunas producciones cinematogr\u00e1ficas de Espa\u00f1a y Argentina.<\/p>\n<p style=\"font-weight: 400;\">Como solista con orquesta o coro, ha actuado en numerosas ocasiones interpretando conciertos de Vivaldi, Castelnuovo-Tedesco (Concierto en Re y Romancero gitano), Villa-Lobos y Piazzolla.<\/p>\n<p style=\"font-weight: 400;\">Reside en Espa\u00f1a desde el a\u00f1o 2003 donde ha sido invitada a participar en numerosos festivales y ciclos de conciertos patrocinados por instituciones como el Ministerio de Cultura de Espa\u00f1a, la Comunidad de Madrid, la Generalitat Valenciana, la Diputaci\u00f3n de Palencia, la Diputaci\u00f3n de Toledo, la Junta de Castilla y Le\u00f3n, Caja Castilla la Mancha, Sociedad Espa\u00f1ola de la guitarra y ayuntamientos de toda Espa\u00f1a. Asimismo ha ofrecido recitales en pa\u00edses como China, M\u00e9jico, Uruguay, Brasil, Chile, Argentina, Italia, Alemania y Portugal, logrando siempre una excelente respuesta por parte del p\u00fablico.<\/p>\n<p style=\"font-weight: 400;\">Su experiencia como docente es muy amplia y con frecuencia es invitada por diversas instituciones de Espa\u00f1a y del extranjero para impartir clases magistrales.<\/p>\n<p style=\"font-weight: 400;\">Marisa G\u00f3mez ha sido Catedr\u00e1tica de Guitarra en el Conservatorio Superior de M\u00fasica de Castilla y Le\u00f3n y actualmente imparte clases en la Musikschule der Stadt Sprockh\u00f6vel, en Alemania.<\/p>\n","protected":false},"excerpt":{"rendered":"<p>Marisa G\u00f3mez ha ido labrando un camino de excelencia y profesionalismo desde el inicio de su vida art\u00edstica. Su refinada musicalidad, su impecable t\u00e9cnica y su exquisita creatividad han hecho que reciba elogiosas cr\u00edticas de los sectores m\u00e1s especializados dentro del mundo de la guitarra y que sus interpretaciones sean requeridas en los escenarios m\u00e1s [&hellip;]<\/p>\n","protected":false},"author":1,"featured_media":174,"parent":0,"menu_order":0,"comment_status":"closed","ping_status":"closed","template":"","meta":{"footnotes":""},"class_list":["post-579","page","type-page","status-publish","has-post-thumbnail","hentry"],"_links":{"self":[{"href":"https:\/\/www.geagomezduo.com\/index.php\/wp-json\/wp\/v2\/pages\/579","targetHints":{"allow":["GET"]}}],"collection":[{"href":"https:\/\/www.geagomezduo.com\/index.php\/wp-json\/wp\/v2\/pages"}],"about":[{"href":"https:\/\/www.geagomezduo.com\/index.php\/wp-json\/wp\/v2\/types\/page"}],"author":[{"embeddable":true,"href":"https:\/\/www.geagomezduo.com\/index.php\/wp-json\/wp\/v2\/users\/1"}],"replies":[{"embeddable":true,"href":"https:\/\/www.geagomezduo.com\/index.php\/wp-json\/wp\/v2\/comments?post=579"}],"version-history":[{"count":4,"href":"https:\/\/www.geagomezduo.com\/index.php\/wp-json\/wp\/v2\/pages\/579\/revisions"}],"predecessor-version":[{"id":742,"href":"https:\/\/www.geagomezduo.com\/index.php\/wp-json\/wp\/v2\/pages\/579\/revisions\/742"}],"wp:featuredmedia":[{"embeddable":true,"href":"https:\/\/www.geagomezduo.com\/index.php\/wp-json\/wp\/v2\/media\/174"}],"wp:attachment":[{"href":"https:\/\/www.geagomezduo.com\/index.php\/wp-json\/wp\/v2\/media?parent=579"}],"curies":[{"name":"wp","href":"https:\/\/api.w.org\/{rel}","templated":true}]}}